{"id":118,"date":"2018-08-27T09:23:18","date_gmt":"2018-08-27T09:23:18","guid":{"rendered":"http:\/\/konte.uix.store\/furniture\/?page_id=118"},"modified":"2020-09-05T10:03:00","modified_gmt":"2020-09-05T13:03:00","slug":"sobre-nos","status":"publish","type":"page","link":"https:\/\/cinderelladecor.com.br\/index.php\/sobre-nos\/","title":{"rendered":"Sobre N\u00f3s"},"content":{"rendered":"<div class=\"wpb-content-wrapper\"><p>[vc_row css=&#8221;.vc_custom_1530089427958{margin-bottom: 70px !important;}&#8221;][vc_column width=&#8221;1\/6&#8243; offset=&#8221;vc_hidden-sm vc_hidden-xs&#8221;]<span class=\"konte-dash text-default   vc_custom_1535361883015\"><span class=\"konte-dash__line\"><\/span><\/span>[\/vc_column][vc_column offset=&#8221;vc_col-lg-8 vc_col-md-8&#8243;][vc_custom_heading text=&#8221;QUEM SOMOS&#8221; use_theme_fonts=&#8221;yes&#8221; css=&#8221;.vc_custom_1598707341444{margin-bottom: 35px !important;}&#8221;][vc_column_text]Em Junho de 2019 nasceu a Cinderella, com o objetivo de trazer inova\u00e7\u00e3o em ilumina\u00e7\u00e3o com sofistica\u00e7\u00e3o e requinte para o mercado nacional.<\/p>\n<p>Com vasta experi\u00eancia no setor, nasce uma marca focada em fazer a diferen\u00e7a com seus produtos e excel\u00eancia em atendimento, formando assim uma equipe de profissionais altamente qualificados para levar ao varejo luminot\u00e9cnico uma gama de produtos exclusivos, criando uma nova maneira de trabalhar o encanto da ilumina\u00e7\u00e3o e decora\u00e7\u00e3o.<\/p>\n<p>Hoje, a empresa est\u00e1 empenhada em fazer a diferen\u00e7a nos pontos de venda, atendendo o desejo dos consumidores pela confian\u00e7a em adquirir um produto de qualidade, com o carinho exclusivo Cinderella.[\/vc_column_text][\/vc_column][\/vc_row][vc_row css=&#8221;.vc_custom_1530089451483{margin-bottom: 30px !important;}&#8221;][vc_column width=&#8221;1\/6&#8243; offset=&#8221;vc_hidden-sm vc_hidden-xs&#8221;][\/vc_column][vc_column width=&#8221;1\/3&#8243; offset=&#8221;vc_col-lg-3 vc_col-md-3&#8243;][vc_custom_heading text=&#8221;Miss\u00e3o&#8221; font_container=&#8221;tag:h4|text_align:left&#8221; use_theme_fonts=&#8221;yes&#8221;][vc_empty_space height=&#8221;30px&#8221;][\/vc_column][vc_column width=&#8221;2\/3&#8243; offset=&#8221;vc_col-lg-5 vc_col-md-5&#8243;][vc_column_text]Proporcionar ao mercado brasileiro solu\u00e7\u00f5es em ilumina\u00e7\u00e3o e decora\u00e7\u00e3o que re\u00fanam economia, design moderno, qualidade e tecnologia para garantir a satisfa\u00e7\u00e3o de nossos clientes.[\/vc_column_text][\/vc_column][vc_column width=&#8221;1\/6&#8243; offset=&#8221;vc_hidden-sm vc_hidden-xs&#8221;][\/vc_column][\/vc_row][vc_row][vc_column width=&#8221;1\/6&#8243; offset=&#8221;vc_hidden-sm vc_hidden-xs&#8221;][\/vc_column][vc_column width=&#8221;1\/3&#8243; offset=&#8221;vc_col-lg-3 vc_col-md-3&#8243;][vc_custom_heading text=&#8221;Vis\u00e3o&#8221; font_container=&#8221;tag:h4|text_align:left&#8221; use_theme_fonts=&#8221;yes&#8221;][vc_empty_space height=&#8221;30px&#8221;][\/vc_column][vc_column width=&#8221;2\/3&#8243; offset=&#8221;vc_col-lg-5 vc_col-md-5&#8243;][vc_column_text]Tornar-se refer\u00eancia no segmento de ilumina\u00e7\u00e3o em todos os estados do Brasil.<br \/>\nValores<br \/>\n\u00c9tica<br \/>\nTranspar\u00eancia<br \/>\nComprometimento[\/vc_column_text][\/vc_column][vc_column width=&#8221;1\/6&#8243; offset=&#8221;vc_hidden-sm vc_hidden-xs&#8221;][\/vc_column][\/vc_row][vc_row][vc_column][vc_empty_space height=&#8221;80px&#8221;][\/vc_column][\/vc_row][vc_row][vc_column][vc_custom_heading text=&#8221;Parceiros da Empresa&#8221; font_container=&#8221;tag:h4|text_align:left&#8221; use_theme_fonts=&#8221;yes&#8221; css=&#8221;.vc_custom_1598704468550{margin-bottom: 85px !important;}&#8221;][\/vc_column][\/vc_row][vc_row content_placement=&#8221;middle&#8221; el_class=&#8221;company-partners&#8221;][vc_column width=&#8221;1\/5&#8243;][vc_single_image image=&#8221;123&#8243; img_size=&#8221;full&#8221;][\/vc_column][vc_column width=&#8221;1\/5&#8243;][vc_single_image image=&#8221;124&#8243; img_size=&#8221;full&#8221; alignment=&#8221;center&#8221;][\/vc_column][vc_column width=&#8221;1\/5&#8243;][vc_single_image image=&#8221;125&#8243; img_size=&#8221;full&#8221; alignment=&#8221;center&#8221;][\/vc_column][vc_column width=&#8221;1\/5&#8243;][vc_single_image image=&#8221;126&#8243; img_size=&#8221;full&#8221; alignment=&#8221;center&#8221;][\/vc_column][vc_column width=&#8221;1\/5&#8243;][vc_single_image image=&#8221;127&#8243; img_size=&#8221;full&#8221; alignment=&#8221;right&#8221;][\/vc_column][\/vc_row]<\/p>\n<\/div>","protected":false},"excerpt":{"rendered":"<p>[vc_row css=&#8221;.vc_custom_1530089427958{margin-bottom: 70px !important;}&#8221;][vc_column width=&#8221;1\/6&#8243; offset=&#8221;vc_hidden-sm vc_hidden-xs&#8221;][\/vc_column][vc_column offset=&#8221;vc_col-lg-8 vc_col-md-8&#8243;][vc_custom_heading text=&#8221;QUEM SOMOS&#8221; use_theme_fonts=&#8221;yes&#8221; css=&#8221;.vc_custom_1598707341444{margin-bottom: 35px !important;}&#8221;][vc_column_text]Em Junho de 2019 nasceu a Cinderella, com o objetivo de trazer inova\u00e7\u00e3o em ilumina\u00e7\u00e3o com&hellip;<\/p>\n","protected":false},"author":1,"featured_media":0,"parent":0,"menu_order":0,"comment_status":"closed","ping_status":"closed","template":"","meta":{"footnotes":""},"class_list":["post-118","page","type-page","status-publish","hentry"],"_links":{"self":[{"href":"https:\/\/cinderelladecor.com.br\/index.php\/wp-json\/wp\/v2\/pages\/118","targetHints":{"allow":["GET"]}}],"collection":[{"href":"https:\/\/cinderelladecor.com.br\/index.php\/wp-json\/wp\/v2\/pages"}],"about":[{"href":"https:\/\/cinderelladecor.com.br\/index.php\/wp-json\/wp\/v2\/types\/page"}],"author":[{"embeddable":true,"href":"https:\/\/cinderelladecor.com.br\/index.php\/wp-json\/wp\/v2\/users\/1"}],"replies":[{"embeddable":true,"href":"https:\/\/cinderelladecor.com.br\/index.php\/wp-json\/wp\/v2\/comments?post=118"}],"version-history":[{"count":9,"href":"https:\/\/cinderelladecor.com.br\/index.php\/wp-json\/wp\/v2\/pages\/118\/revisions"}],"predecessor-version":[{"id":1749,"href":"https:\/\/cinderelladecor.com.br\/index.php\/wp-json\/wp\/v2\/pages\/118\/revisions\/1749"}],"wp:attachment":[{"href":"https:\/\/cinderelladecor.com.br\/index.php\/wp-json\/wp\/v2\/media?parent=118"}],"curies":[{"name":"wp","href":"https:\/\/api.w.org\/{rel}","templated":true}]}}